{"id":192,"date":"2021-03-17T14:45:33","date_gmt":"2021-03-17T13:45:33","guid":{"rendered":"https:\/\/test.evolutiontravel.community\/esp\/?page_id=192"},"modified":"2022-01-20T15:37:00","modified_gmt":"2022-01-20T14:37:00","slug":"terminos-y-condiciones","status":"publish","type":"page","link":"https:\/\/test.evolutiontravel.community\/esp\/terminos-y-condiciones\/","title":{"rendered":"T\u00e9rminos y condiciones"},"content":{"rendered":"\t\t<div data-elementor-type=\"wp-page\" data-elementor-id=\"192\" class=\"elementor elementor-192\" data-elementor-post-type=\"page\">\n\t\t\t\t\t\t<section class=\"elementor-section elementor-top-section elementor-element elementor-element-1d2e605b elementor-section-boxed elementor-section-height-default elementor-section-height-default\" data-id=\"1d2e605b\" data-element_type=\"section\" data-settings=\"{\"background_background\":\"classic\"}\">\n\t\t\t\t\t\t<div class=\"elementor-container elementor-column-gap-default\">\n\t\t\t\t\t<div class=\"elementor-column elementor-col-100 elementor-top-column elementor-element elementor-element-15e62bde\" data-id=\"15e62bde\" data-element_type=\"column\">\n\t\t\t<div class=\"elementor-widget-wrap elementor-element-populated\">\n\t\t\t\t\t\t<div class=\"elementor-element elementor-element-426d8fcb elementor-widget elementor-widget-heading\" data-id=\"426d8fcb\" data-element_type=\"widget\" data-widget_type=\"heading.default\">\n\t\t\t\t<div class=\"elementor-widget-container\">\n\t\t\t\t\t<h1 class=\"elementor-heading-title elementor-size-default\">T\u00e9rminos y condiciones<\/h1>\t\t\t\t<\/div>\n\t\t\t\t<\/div>\n\t\t\t\t\t<\/div>\n\t\t<\/div>\n\t\t\t\t\t<\/div>\n\t\t<\/section>\n\t\t\t\t<\/div>\n\t\t","protected":false},"excerpt":{"rendered":"<p>T\u00e9rminos y condiciones Evolution Travel brinda un servicio de suscripci\u00f3n personalizado que permite a sus suscriptores acceder a herramientas profesionales de reserva tur\u00edstica, contenido de\u2026<\/p>\n","protected":false},"author":1,"featured_media":0,"parent":0,"menu_order":0,"comment_status":"closed","ping_status":"closed","template":"","meta":{"pmpro_default_level":"","_price":"","_stock":"","_tribe_ticket_header":"","_tribe_default_ticket_provider":"","_tribe_ticket_capacity":"0","_ticket_start_date":"","_ticket_end_date":"","_tribe_ticket_show_description":"","_tribe_ticket_show_not_going":false,"_tribe_ticket_use_global_stock":"","_tribe_ticket_global_stock_level":"","_global_stock_mode":"","_global_stock_cap":"","_tribe_rsvp_for_event":"","_tribe_ticket_going_count":"","_tribe_ticket_not_going_count":"","_tribe_tickets_list":"[]","_tribe_ticket_has_attendee_info_fields":false,"footnotes":"","_tec_slr_enabled":"","_tec_slr_layout":""},"class_list":["post-192","page","type-page","status-publish","hentry","pmpro-has-access"],"ticketed":false,"app_access":{"can_access":true,"restrict_message":null},"_links":{"self":[{"href":"https:\/\/test.evolutiontravel.community\/esp\/wp-json\/wp\/v2\/pages\/192","targetHints":{"allow":["GET"]}}],"collection":[{"href":"https:\/\/test.evolutiontravel.community\/esp\/wp-json\/wp\/v2\/pages"}],"about":[{"href":"https:\/\/test.evolutiontravel.community\/esp\/wp-json\/wp\/v2\/types\/page"}],"author":[{"embeddable":true,"href":"https:\/\/test.evolutiontravel.community\/esp\/wp-json\/wp\/v2\/users\/1"}],"replies":[{"embeddable":true,"href":"https:\/\/test.evolutiontravel.community\/esp\/wp-json\/wp\/v2\/comments?post=192"}],"version-history":[{"count":41,"href":"https:\/\/test.evolutiontravel.community\/esp\/wp-json\/wp\/v2\/pages\/192\/revisions"}],"predecessor-version":[{"id":33872,"href":"https:\/\/test.evolutiontravel.community\/esp\/wp-json\/wp\/v2\/pages\/192\/revisions\/33872"}],"wp:attachment":[{"href":"https:\/\/test.evolutiontravel.community\/esp\/wp-json\/wp\/v2\/media?parent=192"}],"curies":[{"name":"wp","href":"https:\/\/api.w.org\/{rel}","templated":true}]}}